{"id":7509,"date":"2022-06-30T15:42:13","date_gmt":"2022-06-30T13:42:13","guid":{"rendered":"https:\/\/puertadehierro.hammamalandalus.com\/?page_id=7509"},"modified":"2024-06-19T11:51:28","modified_gmt":"2024-06-19T09:51:28","slug":"le-jardin-du-hammam","status":"publish","type":"page","link":"https:\/\/puertadehierro.hammamalandalus.com\/fr\/le-jardin-du-hammam\/","title":{"rendered":"El Jard\u00edn de Hammam"},"content":{"rendered":"<h2 id=\"tw-target-text\" class=\"tw-data-text tw-text-large tw-ta\" data-placeholder=\"Traducci\u00f3n\"><span class=\"Y2IQFc\" lang=\"en\">We present our new cosmetic line<\/span><\/h2>\n<p>From Hammam Al \u00c1ndalus we invite you to discover the new<strong> range of products<\/strong> that you will find in each Hammam under the <strong>El Jard\u00edn de Hammam<\/strong> brand.<\/p>\n<p>Find out about the entire hammam universe with the line of Ecological Cosmetics from El Jard\u00edn de Hammam.<\/p>\n<p><strong>Relive the memories of your Hammam<\/strong> experience wherever you want, whenever you want most, or experience the traces and highlights of Hammam for the first time with the Hammam Experience products.<\/p>\n<p>Make it a ritual. Give yourself a moment to disconnect from the most electrical reality and <strong>reconnect with yourself, your well-being and your care through<\/strong> The Hammam Garden in your home.<\/p>\n<p>&nbsp;<\/p>\n","protected":false},"excerpt":{"rendered":"<p>We present our new cosmetic line From Hammam Al \u00c1ndalus we invite you to discover the new range of products that you will find in each Hammam under the El Jard\u00edn de Hammam brand. Find out about the entire hammam universe with the line of Ecological Cosmetics from El Jard\u00edn de Hammam. Relive the memories<\/p>\n","protected":false},"author":15,"featured_media":0,"parent":0,"menu_order":0,"comment_status":"closed","ping_status":"closed","template":"views\/template-blocks.blade.php","meta":{"_acf_changed":false,"footnotes":""},"class_list":["post-7509","page","type-page","status-publish","hentry"],"acf":[],"yoast_head":"<!-- This site is optimized with the Yoast SEO plugin v27.3 - https:\/\/yoast.com\/product\/yoast-seo-wordpress\/ -->\n<title>El Jard\u00edn de Hammam | Hammam Madrid Puerta de Hierro<\/title>\n<meta name=\"description\" content=\"Le jardin du hammam. Une nouvele ligne de cosm\u00e9tique. D\u00e9couvrez la gamme de produits de l&#039;Experience Hammam et \u00e9cologiques.\" \/>\n<meta name=\"robots\" content=\"index, follow, max-snippet:-1, max-image-preview:large, max-video-preview:-1\" \/>\n<link rel=\"canonical\" href=\"https:\/\/puertadehierro.hammamalandalus.com\/fr\/le-jardin-du-hammam\/\" \/>\n<meta property=\"og:locale\" content=\"fr_FR\" \/>\n<meta property=\"og:type\" content=\"article\" \/>\n<meta property=\"og:title\" content=\"El Jard\u00edn de Hammam | Hammam Madrid Puerta de Hierro\" \/>\n<meta property=\"og:description\" content=\"Le jardin du hammam. Une nouvele ligne de cosm\u00e9tique. D\u00e9couvrez la gamme de produits de l&#039;Experience Hammam et \u00e9cologiques.\" \/>\n<meta property=\"og:url\" content=\"https:\/\/puertadehierro.hammamalandalus.com\/fr\/le-jardin-du-hammam\/\" \/>\n<meta property=\"og:site_name\" content=\"Hammam Madrid Puerta de Hierro\" \/>\n<meta property=\"article:modified_time\" content=\"2024-06-19T09:51:28+00:00\" \/>\n<meta property=\"og:image\" content=\"https:\/\/puertadehierro.hammamalandalus.com\/wp-content\/uploads\/sites\/8\/2024\/02\/AF_JDH_ImagenWeb_Landing_1191x1463px_BodegonBrumas_24_02_01-e1707918136915.jpg\" \/>\n\t<meta property=\"og:image:width\" content=\"1191\" \/>\n\t<meta property=\"og:image:height\" content=\"1463\" \/>\n\t<meta property=\"og:image:type\" content=\"image\/jpeg\" \/>\n<meta name=\"twitter:card\" content=\"summary_large_image\" \/>\n<meta name=\"twitter:label1\" content=\"Dur\u00e9e de lecture estim\u00e9e\" \/>\n\t<meta name=\"twitter:data1\" content=\"1 minute\" \/>\n<script type=\"application\/ld+json\" class=\"yoast-schema-graph\">{\"@context\":\"https:\\\/\\\/schema.org\",\"@graph\":[{\"@type\":\"WebPage\",\"@id\":\"https:\\\/\\\/puertadehierro.hammamalandalus.com\\\/fr\\\/le-jardin-du-hammam\\\/\",\"url\":\"https:\\\/\\\/puertadehierro.hammamalandalus.com\\\/fr\\\/le-jardin-du-hammam\\\/\",\"name\":\"El Jard\u00edn de Hammam | Hammam Madrid Puerta de Hierro\",\"isPartOf\":{\"@id\":\"https:\\\/\\\/puertadehierro.hammamalandalus.com\\\/fr\\\/#website\"},\"datePublished\":\"2022-06-30T13:42:13+00:00\",\"dateModified\":\"2024-06-19T09:51:28+00:00\",\"description\":\"Le jardin du hammam. Une nouvele ligne de cosm\u00e9tique. D\u00e9couvrez la gamme de produits de l'Experience Hammam et \u00e9cologiques.\",\"breadcrumb\":{\"@id\":\"https:\\\/\\\/puertadehierro.hammamalandalus.com\\\/fr\\\/le-jardin-du-hammam\\\/#breadcrumb\"},\"inLanguage\":\"fr-FR\",\"potentialAction\":[{\"@type\":\"ReadAction\",\"target\":[\"https:\\\/\\\/puertadehierro.hammamalandalus.com\\\/fr\\\/le-jardin-du-hammam\\\/\"]}]},{\"@type\":\"BreadcrumbList\",\"@id\":\"https:\\\/\\\/puertadehierro.hammamalandalus.com\\\/fr\\\/le-jardin-du-hammam\\\/#breadcrumb\",\"itemListElement\":[{\"@type\":\"ListItem\",\"position\":1,\"name\":\"Portada\",\"item\":\"https:\\\/\\\/puertadehierro.hammamalandalus.com\\\/fr\\\/\"},{\"@type\":\"ListItem\",\"position\":2,\"name\":\"El Jard\u00edn de Hammam\"}]},{\"@type\":\"WebSite\",\"@id\":\"https:\\\/\\\/puertadehierro.hammamalandalus.com\\\/fr\\\/#website\",\"url\":\"https:\\\/\\\/puertadehierro.hammamalandalus.com\\\/fr\\\/\",\"name\":\"Hammam Madrid\",\"description\":\"Hammam Al \u00c1ndalus Puerta de Hierro\",\"publisher\":{\"@id\":\"https:\\\/\\\/puertadehierro.hammamalandalus.com\\\/fr\\\/#organization\"},\"alternateName\":\"Hammam\",\"potentialAction\":[{\"@type\":\"SearchAction\",\"target\":{\"@type\":\"EntryPoint\",\"urlTemplate\":\"https:\\\/\\\/puertadehierro.hammamalandalus.com\\\/fr\\\/?s={search_term_string}\"},\"query-input\":{\"@type\":\"PropertyValueSpecification\",\"valueRequired\":true,\"valueName\":\"search_term_string\"}}],\"inLanguage\":\"fr-FR\"},{\"@type\":\"Organization\",\"@id\":\"https:\\\/\\\/puertadehierro.hammamalandalus.com\\\/fr\\\/#organization\",\"name\":\"Hammam Madrid\",\"alternateName\":\"Hammam\",\"url\":\"https:\\\/\\\/puertadehierro.hammamalandalus.com\\\/fr\\\/\",\"logo\":{\"@type\":\"ImageObject\",\"inLanguage\":\"fr-FR\",\"@id\":\"https:\\\/\\\/puertadehierro.hammamalandalus.com\\\/fr\\\/#\\\/schema\\\/logo\\\/image\\\/\",\"url\":\"https:\\\/\\\/puertadehierro.hammamalandalus.com\\\/wp-content\\\/uploads\\\/sites\\\/8\\\/2019\\\/08\\\/hammam-al-andalus.png\",\"contentUrl\":\"https:\\\/\\\/puertadehierro.hammamalandalus.com\\\/wp-content\\\/uploads\\\/sites\\\/8\\\/2019\\\/08\\\/hammam-al-andalus.png\",\"width\":79,\"height\":79,\"caption\":\"Hammam Madrid\"},\"image\":{\"@id\":\"https:\\\/\\\/puertadehierro.hammamalandalus.com\\\/fr\\\/#\\\/schema\\\/logo\\\/image\\\/\"}}]}<\/script>\n<!-- \/ Yoast SEO plugin. -->","yoast_head_json":{"title":"El Jard\u00edn de Hammam | Hammam Madrid Puerta de Hierro","description":"Le jardin du hammam. Une nouvele ligne de cosm\u00e9tique. D\u00e9couvrez la gamme de produits de l'Experience Hammam et \u00e9cologiques.","robots":{"index":"index","follow":"follow","max-snippet":"max-snippet:-1","max-image-preview":"max-image-preview:large","max-video-preview":"max-video-preview:-1"},"canonical":"https:\/\/puertadehierro.hammamalandalus.com\/fr\/le-jardin-du-hammam\/","og_locale":"fr_FR","og_type":"article","og_title":"El Jard\u00edn de Hammam | Hammam Madrid Puerta de Hierro","og_description":"Le jardin du hammam. Une nouvele ligne de cosm\u00e9tique. D\u00e9couvrez la gamme de produits de l'Experience Hammam et \u00e9cologiques.","og_url":"https:\/\/puertadehierro.hammamalandalus.com\/fr\/le-jardin-du-hammam\/","og_site_name":"Hammam Madrid Puerta de Hierro","article_modified_time":"2024-06-19T09:51:28+00:00","og_image":[{"width":1191,"height":1463,"url":"https:\/\/puertadehierro.hammamalandalus.com\/wp-content\/uploads\/sites\/8\/2024\/02\/AF_JDH_ImagenWeb_Landing_1191x1463px_BodegonBrumas_24_02_01-e1707918136915.jpg","type":"image\/jpeg"}],"twitter_card":"summary_large_image","twitter_misc":{"Dur\u00e9e de lecture estim\u00e9e":"1 minute"},"schema":{"@context":"https:\/\/schema.org","@graph":[{"@type":"WebPage","@id":"https:\/\/puertadehierro.hammamalandalus.com\/fr\/le-jardin-du-hammam\/","url":"https:\/\/puertadehierro.hammamalandalus.com\/fr\/le-jardin-du-hammam\/","name":"El Jard\u00edn de Hammam | Hammam Madrid Puerta de Hierro","isPartOf":{"@id":"https:\/\/puertadehierro.hammamalandalus.com\/fr\/#website"},"datePublished":"2022-06-30T13:42:13+00:00","dateModified":"2024-06-19T09:51:28+00:00","description":"Le jardin du hammam. Une nouvele ligne de cosm\u00e9tique. D\u00e9couvrez la gamme de produits de l'Experience Hammam et \u00e9cologiques.","breadcrumb":{"@id":"https:\/\/puertadehierro.hammamalandalus.com\/fr\/le-jardin-du-hammam\/#breadcrumb"},"inLanguage":"fr-FR","potentialAction":[{"@type":"ReadAction","target":["https:\/\/puertadehierro.hammamalandalus.com\/fr\/le-jardin-du-hammam\/"]}]},{"@type":"BreadcrumbList","@id":"https:\/\/puertadehierro.hammamalandalus.com\/fr\/le-jardin-du-hammam\/#breadcrumb","itemListElement":[{"@type":"ListItem","position":1,"name":"Portada","item":"https:\/\/puertadehierro.hammamalandalus.com\/fr\/"},{"@type":"ListItem","position":2,"name":"El Jard\u00edn de Hammam"}]},{"@type":"WebSite","@id":"https:\/\/puertadehierro.hammamalandalus.com\/fr\/#website","url":"https:\/\/puertadehierro.hammamalandalus.com\/fr\/","name":"Hammam Madrid","description":"Hammam Al \u00c1ndalus Puerta de Hierro","publisher":{"@id":"https:\/\/puertadehierro.hammamalandalus.com\/fr\/#organization"},"alternateName":"Hammam","potentialAction":[{"@type":"SearchAction","target":{"@type":"EntryPoint","urlTemplate":"https:\/\/puertadehierro.hammamalandalus.com\/fr\/?s={search_term_string}"},"query-input":{"@type":"PropertyValueSpecification","valueRequired":true,"valueName":"search_term_string"}}],"inLanguage":"fr-FR"},{"@type":"Organization","@id":"https:\/\/puertadehierro.hammamalandalus.com\/fr\/#organization","name":"Hammam Madrid","alternateName":"Hammam","url":"https:\/\/puertadehierro.hammamalandalus.com\/fr\/","logo":{"@type":"ImageObject","inLanguage":"fr-FR","@id":"https:\/\/puertadehierro.hammamalandalus.com\/fr\/#\/schema\/logo\/image\/","url":"https:\/\/puertadehierro.hammamalandalus.com\/wp-content\/uploads\/sites\/8\/2019\/08\/hammam-al-andalus.png","contentUrl":"https:\/\/puertadehierro.hammamalandalus.com\/wp-content\/uploads\/sites\/8\/2019\/08\/hammam-al-andalus.png","width":79,"height":79,"caption":"Hammam Madrid"},"image":{"@id":"https:\/\/puertadehierro.hammamalandalus.com\/fr\/#\/schema\/logo\/image\/"}}]}},"publishpress_future_action":{"enabled":false,"date":"2026-04-11 08:54:52","action":"change-status","newStatus":"draft","terms":[],"taxonomy":"translation_priority","extraData":[]},"publishpress_future_workflow_manual_trigger":{"enabledWorkflows":[]},"_links":{"self":[{"href":"https:\/\/puertadehierro.hammamalandalus.com\/fr\/wp-json\/wp\/v2\/pages\/7509","targetHints":{"allow":["GET"]}}],"collection":[{"href":"https:\/\/puertadehierro.hammamalandalus.com\/fr\/wp-json\/wp\/v2\/pages"}],"about":[{"href":"https:\/\/puertadehierro.hammamalandalus.com\/fr\/wp-json\/wp\/v2\/types\/page"}],"author":[{"embeddable":true,"href":"https:\/\/puertadehierro.hammamalandalus.com\/fr\/wp-json\/wp\/v2\/users\/15"}],"replies":[{"embeddable":true,"href":"https:\/\/puertadehierro.hammamalandalus.com\/fr\/wp-json\/wp\/v2\/comments?post=7509"}],"version-history":[{"count":18,"href":"https:\/\/puertadehierro.hammamalandalus.com\/fr\/wp-json\/wp\/v2\/pages\/7509\/revisions"}],"predecessor-version":[{"id":10502,"href":"https:\/\/puertadehierro.hammamalandalus.com\/fr\/wp-json\/wp\/v2\/pages\/7509\/revisions\/10502"}],"wp:attachment":[{"href":"https:\/\/puertadehierro.hammamalandalus.com\/fr\/wp-json\/wp\/v2\/media?parent=7509"}],"curies":[{"name":"wp","href":"https:\/\/api.w.org\/{rel}","templated":true}]}}